{"id":3943,"date":"2020-05-04T22:18:27","date_gmt":"2020-05-04T20:18:27","guid":{"rendered":"https:\/\/nuevoarte.es\/na\/?post_type=product&#038;p=3943"},"modified":"2023-10-05T16:24:13","modified_gmt":"2023-10-05T14:24:13","slug":"trofeo-balon-de-voleibol-z2441","status":"publish","type":"product","link":"https:\/\/nuevoarte.es\/na\/tienda\/trofeo-balon-de-voleibol-z2441\/","title":{"rendered":"Trofeo Bal\u00f3n de Voleibol Z2441"},"content":{"rendered":"","protected":false},"excerpt":{"rendered":"<p>Trofeo bal\u00f3n de voleibol de cer\u00e1mica.<\/p>\n<p>Placa con grabaci\u00f3n GRATIS.<\/p>\n","protected":false},"featured_media":3941,"template":"","meta":[],"product_brand":[],"product_cat":[170],"product_tag":[289,171],"class_list":{"0":"post-3943","1":"product","2":"type-product","3":"status-publish","4":"has-post-thumbnail","6":"product_cat-voleibol","7":"product_tag-archivo","8":"product_tag-voleibol","9":"product_shipping_class-urgente-24-48h","10":"post","11":"post-with-thumbnail","12":"post-with-thumbnail-large","14":"first","15":"instock","16":"taxable","17":"shipping-taxable","18":"purchasable","19":"product-type-variable"},"_links":{"self":[{"href":"https:\/\/nuevoarte.es\/na\/wp-json\/wp\/v2\/product\/3943","targetHints":{"allow":["GET"]}}],"collection":[{"href":"https:\/\/nuevoarte.es\/na\/wp-json\/wp\/v2\/product"}],"about":[{"href":"https:\/\/nuevoarte.es\/na\/wp-json\/wp\/v2\/types\/product"}],"wp:featuredmedia":[{"embeddable":true,"href":"https:\/\/nuevoarte.es\/na\/wp-json\/wp\/v2\/media\/3941"}],"wp:attachment":[{"href":"https:\/\/nuevoarte.es\/na\/wp-json\/wp\/v2\/media?parent=3943"}],"wp:term":[{"taxonomy":"product_brand","embeddable":true,"href":"https:\/\/nuevoarte.es\/na\/wp-json\/wp\/v2\/product_brand?post=3943"},{"taxonomy":"product_cat","embeddable":true,"href":"https:\/\/nuevoarte.es\/na\/wp-json\/wp\/v2\/product_cat?post=3943"},{"taxonomy":"product_tag","embeddable":true,"href":"https:\/\/nuevoarte.es\/na\/wp-json\/wp\/v2\/product_tag?post=3943"}],"curies":[{"name":"wp","href":"https:\/\/api.w.org\/{rel}","templated":true}]}}