{"id":3926,"date":"2020-05-04T21:40:00","date_gmt":"2020-05-04T19:40:00","guid":{"rendered":"https:\/\/nuevoarte.es\/na\/?post_type=product&#038;p=3926"},"modified":"2023-10-05T14:13:18","modified_gmt":"2023-10-05T12:13:18","slug":"trofeo-balon-de-baloncesto-z2438","status":"publish","type":"product","link":"https:\/\/nuevoarte.es\/na\/tienda\/trofeo-balon-de-baloncesto-z2438\/","title":{"rendered":"Trofeo Bal\u00f3n de Baloncesto Z2438"},"content":{"rendered":"","protected":false},"excerpt":{"rendered":"<p>Trofeo bal\u00f3n de baloncesto de cer\u00e1mica.<\/p>\n<p>Placa con grabaci\u00f3n GRATIS.<\/p>\n","protected":false},"featured_media":3930,"template":"","meta":[],"product_brand":[],"product_cat":[167],"product_tag":[289,168],"class_list":{"0":"post-3926","1":"product","2":"type-product","3":"status-publish","4":"has-post-thumbnail","6":"product_cat-baloncesto","7":"product_tag-archivo","8":"product_tag-baloncesto","9":"product_shipping_class-urgente-24-48h","10":"post","11":"post-with-thumbnail","12":"post-with-thumbnail-large","14":"first","15":"instock","16":"taxable","17":"shipping-taxable","18":"purchasable","19":"product-type-variable"},"_links":{"self":[{"href":"https:\/\/nuevoarte.es\/na\/wp-json\/wp\/v2\/product\/3926","targetHints":{"allow":["GET"]}}],"collection":[{"href":"https:\/\/nuevoarte.es\/na\/wp-json\/wp\/v2\/product"}],"about":[{"href":"https:\/\/nuevoarte.es\/na\/wp-json\/wp\/v2\/types\/product"}],"wp:featuredmedia":[{"embeddable":true,"href":"https:\/\/nuevoarte.es\/na\/wp-json\/wp\/v2\/media\/3930"}],"wp:attachment":[{"href":"https:\/\/nuevoarte.es\/na\/wp-json\/wp\/v2\/media?parent=3926"}],"wp:term":[{"taxonomy":"product_brand","embeddable":true,"href":"https:\/\/nuevoarte.es\/na\/wp-json\/wp\/v2\/product_brand?post=3926"},{"taxonomy":"product_cat","embeddable":true,"href":"https:\/\/nuevoarte.es\/na\/wp-json\/wp\/v2\/product_cat?post=3926"},{"taxonomy":"product_tag","embeddable":true,"href":"https:\/\/nuevoarte.es\/na\/wp-json\/wp\/v2\/product_tag?post=3926"}],"curies":[{"name":"wp","href":"https:\/\/api.w.org\/{rel}","templated":true}]}}