{"id":2453,"date":"2020-03-23T12:56:13","date_gmt":"2020-03-23T11:56:13","guid":{"rendered":"https:\/\/nuevoarte.es\/na\/?post_type=product&#038;p=2453"},"modified":"2026-04-13T16:33:44","modified_gmt":"2026-04-13T14:33:44","slug":"trofeo-balon-de-oro-z2421","status":"publish","type":"product","link":"https:\/\/nuevoarte.es\/na\/tienda\/trofeo-balon-de-oro-z2421\/","title":{"rendered":"Trofeo Bal\u00f3n de Oro Z2421"},"content":{"rendered":"","protected":false},"excerpt":{"rendered":"<p>Trofeo r\u00e9plica Bal\u00f3n de Oro.<\/p>\n<p>Cer\u00e1mica con acabados de alta calidad.<\/p>\n<p>Placa con grabaci\u00f3n GRATIS.<\/p>\n<p>Tama\u00f1o; 24cm de altura.<\/p>\n","protected":false},"featured_media":2563,"template":"","meta":[],"product_brand":[],"product_cat":[106],"product_tag":[289,151],"class_list":{"0":"post-2453","1":"product","2":"type-product","3":"status-publish","4":"has-post-thumbnail","6":"product_cat-futbol","7":"product_tag-archivo","8":"product_tag-futbol","9":"post","10":"post-with-thumbnail","11":"post-with-thumbnail-large","13":"first","14":"instock","15":"sale","16":"featured","17":"taxable","18":"shipping-taxable","19":"purchasable","20":"product-type-simple"},"_links":{"self":[{"href":"https:\/\/nuevoarte.es\/na\/wp-json\/wp\/v2\/product\/2453","targetHints":{"allow":["GET"]}}],"collection":[{"href":"https:\/\/nuevoarte.es\/na\/wp-json\/wp\/v2\/product"}],"about":[{"href":"https:\/\/nuevoarte.es\/na\/wp-json\/wp\/v2\/types\/product"}],"wp:featuredmedia":[{"embeddable":true,"href":"https:\/\/nuevoarte.es\/na\/wp-json\/wp\/v2\/media\/2563"}],"wp:attachment":[{"href":"https:\/\/nuevoarte.es\/na\/wp-json\/wp\/v2\/media?parent=2453"}],"wp:term":[{"taxonomy":"product_brand","embeddable":true,"href":"https:\/\/nuevoarte.es\/na\/wp-json\/wp\/v2\/product_brand?post=2453"},{"taxonomy":"product_cat","embeddable":true,"href":"https:\/\/nuevoarte.es\/na\/wp-json\/wp\/v2\/product_cat?post=2453"},{"taxonomy":"product_tag","embeddable":true,"href":"https:\/\/nuevoarte.es\/na\/wp-json\/wp\/v2\/product_tag?post=2453"}],"curies":[{"name":"wp","href":"https:\/\/api.w.org\/{rel}","templated":true}]}}