{"id":600,"date":"2017-08-30T14:16:43","date_gmt":"2017-08-30T12:16:43","guid":{"rendered":"http:\/\/nuevoarte.es\/na\/?page_id=600"},"modified":"2020-04-05T21:29:49","modified_gmt":"2020-04-05T19:29:49","slug":"especiales","status":"publish","type":"page","link":"https:\/\/nuevoarte.es\/na\/especiales\/","title":{"rendered":"Especiales"},"content":{"rendered":"<div id=\"pl-600\"  class=\"panel-layout\" ><div id=\"pg-600-0\"  class=\"panel-grid panel-no-style\" ><div id=\"pgc-600-0-0\"  class=\"panel-grid-cell\" ><div id=\"panel-600-0-0-0\" class=\"so-panel widget widget_nav_menu panel-first-child panel-last-child\" data-index=\"0\" ><div class=\"menu-especiales-container\"><ul id=\"menu-especiales\" class=\"menu\"><li id=\"menu-item-850\" class=\"menu-item menu-item-type-post_type menu-item-object-page menu-item-850\"><a href=\"https:\/\/nuevoarte.es\/na\/especiales\/linea-resina\/\"><H2>L\u00ednea Resina<\/H2><\/a><\/li>\n<li id=\"menu-item-849\" class=\"menu-item menu-item-type-post_type menu-item-object-page menu-item-849\"><a href=\"https:\/\/nuevoarte.es\/na\/especiales\/linea-meta\/\"><H2>L\u00ednea Meta<\/H2><\/a><\/li>\n<li id=\"menu-item-848\" class=\"menu-item menu-item-type-post_type menu-item-object-page menu-item-848\"><a href=\"https:\/\/nuevoarte.es\/na\/especiales\/linea-cristal\/\"><H2>L\u00ednea Cristal<\/H2><\/a><\/li>\n<li id=\"menu-item-847\" class=\"menu-item menu-item-type-post_type menu-item-object-page menu-item-847\"><a href=\"https:\/\/nuevoarte.es\/na\/especiales\/otros\/\"><H2>Varios\u2026<\/H2><\/a><\/li>\n<\/ul><\/div><\/div><\/div><\/div><\/div>","protected":false},"excerpt":{"rendered":"<p>L\u00ednea Resina L\u00ednea Meta L\u00ednea Cristal Varios\u2026<\/p>\n","protected":false},"author":1,"featured_media":0,"parent":0,"menu_order":0,"comment_status":"closed","ping_status":"closed","template":"","meta":{"footnotes":""},"class_list":["post-600","page","type-page","status-publish","hentry","post"],"_links":{"self":[{"href":"https:\/\/nuevoarte.es\/na\/wp-json\/wp\/v2\/pages\/600","targetHints":{"allow":["GET"]}}],"collection":[{"href":"https:\/\/nuevoarte.es\/na\/wp-json\/wp\/v2\/pages"}],"about":[{"href":"https:\/\/nuevoarte.es\/na\/wp-json\/wp\/v2\/types\/page"}],"author":[{"embeddable":true,"href":"https:\/\/nuevoarte.es\/na\/wp-json\/wp\/v2\/users\/1"}],"replies":[{"embeddable":true,"href":"https:\/\/nuevoarte.es\/na\/wp-json\/wp\/v2\/comments?post=600"}],"version-history":[{"count":24,"href":"https:\/\/nuevoarte.es\/na\/wp-json\/wp\/v2\/pages\/600\/revisions"}],"predecessor-version":[{"id":2819,"href":"https:\/\/nuevoarte.es\/na\/wp-json\/wp\/v2\/pages\/600\/revisions\/2819"}],"wp:attachment":[{"href":"https:\/\/nuevoarte.es\/na\/wp-json\/wp\/v2\/media?parent=600"}],"curies":[{"name":"wp","href":"https:\/\/api.w.org\/{rel}","templated":true}]}}