{"id":371,"date":"2017-04-25T19:36:14","date_gmt":"2017-04-25T17:36:14","guid":{"rendered":"http:\/\/nuevoarte.es\/na\/?page_id=371"},"modified":"2020-05-26T16:26:46","modified_gmt":"2020-05-26T14:26:46","slug":"pagina-de-inicio","status":"publish","type":"page","link":"https:\/\/nuevoarte.es\/na\/","title":{"rendered":"Inicio"},"content":{"rendered":"<div id=\"pl-371\"  class=\"panel-layout\" ><div id=\"pg-371-0\"  class=\"panel-grid panel-no-style\" ><div id=\"pgc-371-0-0\"  class=\"panel-grid-cell\" ><div id=\"panel-371-0-0-0\" class=\"widget_text so-panel widget widget_custom_html panel-first-child panel-last-child\" data-index=\"0\" ><h3 class=\"widget-title\">Productos Destacados<\/h3><div class=\"textwidget custom-html-widget\"><div class=\"woocommerce columns-6 \"><ul class=\"products columns-6\">\n<li class=\"post post-with-thumbnail post-with-thumbnail-large product type-product post-5695 status-publish first instock product_cat-placas-homenaje product_tag-archivo product_tag-homenaje has-post-thumbnail featured taxable shipping-taxable purchasable product-type-simple\">\n\t<a href=\"https:\/\/nuevoarte.es\/na\/tienda\/placa-homenaje-color-labrada\/\" class=\"woocommerce-LoopProduct-link woocommerce-loop-product__link\"><img decoding=\"async\" width=\"300\" height=\"300\" data-src=\"https:\/\/nuevoarte.es\/na\/wp-content\/uploads\/2022\/11\/Z2670C-300x300.jpg\" class=\"attachment-woocommerce_thumbnail size-woocommerce_thumbnail lazyload\" alt=\"Placa Homenaje COLOR &quot;Labrada&quot;\" data-srcset=\"https:\/\/nuevoarte.es\/na\/wp-content\/uploads\/2022\/11\/Z2670C-300x300.jpg 300w, https:\/\/nuevoarte.es\/na\/wp-content\/uploads\/2022\/11\/Z2670C-1024x1024.jpg 1024w, https:\/\/nuevoarte.es\/na\/wp-content\/uploads\/2022\/11\/Z2670C-150x150.jpg 150w, https:\/\/nuevoarte.es\/na\/wp-content\/uploads\/2022\/11\/Z2670C-768x768.jpg 768w, https:\/\/nuevoarte.es\/na\/wp-content\/uploads\/2022\/11\/Z2670C-1536x1536.jpg 1536w, https:\/\/nuevoarte.es\/na\/wp-content\/uploads\/2022\/11\/Z2670C-scaled.jpg 2048w, https:\/\/nuevoarte.es\/na\/wp-content\/uploads\/2022\/11\/Z2670C-600x600.jpg 600w, https:\/\/nuevoarte.es\/na\/wp-content\/uploads\/2022\/11\/Z2670C-100x100.jpg 100w, https:\/\/nuevoarte.es\/na\/wp-content\/uploads\/2022\/11\/Z2670C-400x400.jpg 400w\" data-sizes=\"(max-width: 300px) 100vw, 300px\" src=\"data:image\/svg+xml;base64,PHN2ZyB3aWR0aD0iMSIgaGVpZ2h0PSIxIiB4bWxucz0iaHR0cDovL3d3dy53My5vcmcvMjAwMC9zdmciPjwvc3ZnPg==\" style=\"--smush-placeholder-width: 300px; --smush-placeholder-aspect-ratio: 300\/300;\" \/><h2 class=\"woocommerce-loop-product__title\">Placa Homenaje COLOR \u00abLabrada\u00bb<\/h2>\n\t<span class=\"price\"><span class=\"woocommerce-Price-amount amount\"><bdi>65,00<span class=\"woocommerce-Price-currencySymbol\">&euro;<\/span><\/bdi><\/span><\/span>\n<\/a><a href=\"https:\/\/nuevoarte.es\/na\/tienda\/placa-homenaje-color-labrada\/\" data-quantity=\"1\" class=\"button product_type_simple add_to_cart_button \" data-product_id=\"5695\" data-product_sku=\"\" aria-label=\"A\u00f1adir al carrito: &ldquo;Placa Homenaje COLOR &quot;Labrada&quot;&rdquo;\" rel=\"nofollow\" data-success_message=\"\u00abPlaca Homenaje COLOR &quot;Labrada&quot;\u00bb se ha a\u00f1adido a tu carrito\" role=\"button\">Seleccionar las opciones<\/a>\t<span id=\"woocommerce_loop_add_to_cart_link_describedby_5695\" class=\"screen-reader-text\">\n\t\t\t<\/span>\n<\/li>\n<li class=\"post post-with-thumbnail post-with-thumbnail-large product type-product post-5665 status-publish instock product_cat-placas-homenaje product_tag-archivo product_tag-homenaje has-post-thumbnail featured taxable shipping-taxable purchasable product-type-simple\">\n\t<a href=\"https:\/\/nuevoarte.es\/na\/tienda\/placa-homenaje-color-bisel\/\" class=\"woocommerce-LoopProduct-link woocommerce-loop-product__link\"><img decoding=\"async\" width=\"300\" height=\"300\" data-src=\"https:\/\/nuevoarte.es\/na\/wp-content\/uploads\/2022\/08\/Z2680C-300x300.jpg\" class=\"attachment-woocommerce_thumbnail size-woocommerce_thumbnail lazyload\" alt=\"Placa Homenaje COLOR &quot;Bisel&quot;\" data-srcset=\"https:\/\/nuevoarte.es\/na\/wp-content\/uploads\/2022\/08\/Z2680C-300x300.jpg 300w, https:\/\/nuevoarte.es\/na\/wp-content\/uploads\/2022\/08\/Z2680C-1024x1024.jpg 1024w, https:\/\/nuevoarte.es\/na\/wp-content\/uploads\/2022\/08\/Z2680C-150x150.jpg 150w, https:\/\/nuevoarte.es\/na\/wp-content\/uploads\/2022\/08\/Z2680C-768x768.jpg 768w, https:\/\/nuevoarte.es\/na\/wp-content\/uploads\/2022\/08\/Z2680C-1536x1536.jpg 1536w, https:\/\/nuevoarte.es\/na\/wp-content\/uploads\/2022\/08\/Z2680C-scaled.jpg 2048w, https:\/\/nuevoarte.es\/na\/wp-content\/uploads\/2022\/08\/Z2680C-600x600.jpg 600w, https:\/\/nuevoarte.es\/na\/wp-content\/uploads\/2022\/08\/Z2680C-100x100.jpg 100w, https:\/\/nuevoarte.es\/na\/wp-content\/uploads\/2022\/08\/Z2680C-400x400.jpg 400w\" data-sizes=\"(max-width: 300px) 100vw, 300px\" src=\"data:image\/svg+xml;base64,PHN2ZyB3aWR0aD0iMSIgaGVpZ2h0PSIxIiB4bWxucz0iaHR0cDovL3d3dy53My5vcmcvMjAwMC9zdmciPjwvc3ZnPg==\" style=\"--smush-placeholder-width: 300px; --smush-placeholder-aspect-ratio: 300\/300;\" \/><h2 class=\"woocommerce-loop-product__title\">Placa Homenaje COLOR \u00abBisel\u00bb<\/h2>\n\t<span class=\"price\"><span class=\"woocommerce-Price-amount amount\"><bdi>65,00<span class=\"woocommerce-Price-currencySymbol\">&euro;<\/span><\/bdi><\/span><\/span>\n<\/a><a href=\"https:\/\/nuevoarte.es\/na\/tienda\/placa-homenaje-color-bisel\/\" data-quantity=\"1\" class=\"button product_type_simple add_to_cart_button \" data-product_id=\"5665\" data-product_sku=\"\" aria-label=\"A\u00f1adir al carrito: &ldquo;Placa Homenaje COLOR &quot;Bisel&quot;&rdquo;\" rel=\"nofollow\" data-success_message=\"\u00abPlaca Homenaje COLOR &quot;Bisel&quot;\u00bb se ha a\u00f1adido a tu carrito\" role=\"button\">Seleccionar las opciones<\/a>\t<span id=\"woocommerce_loop_add_to_cart_link_describedby_5665\" class=\"screen-reader-text\">\n\t\t\t<\/span>\n<\/li>\n<li class=\"post post-with-thumbnail post-with-thumbnail-large product type-product post-2581 status-publish instock product_cat-placas-homenaje product_tag-archivo product_tag-homenaje has-post-thumbnail featured taxable shipping-taxable purchasable product-type-variable\">\n\t<a href=\"https:\/\/nuevoarte.es\/na\/tienda\/placa-homenaje-marco-liso\/\" class=\"woocommerce-LoopProduct-link woocommerce-loop-product__link\"><img decoding=\"async\" width=\"300\" height=\"300\" data-src=\"https:\/\/nuevoarte.es\/na\/wp-content\/uploads\/2020\/03\/2728-300x300.jpg\" class=\"attachment-woocommerce_thumbnail size-woocommerce_thumbnail lazyload\" alt=\"Placa Homenaje Marco Liso\" data-srcset=\"https:\/\/nuevoarte.es\/na\/wp-content\/uploads\/2020\/03\/2728-300x300.jpg 300w, https:\/\/nuevoarte.es\/na\/wp-content\/uploads\/2020\/03\/2728-150x150.jpg 150w, https:\/\/nuevoarte.es\/na\/wp-content\/uploads\/2020\/03\/2728-100x100.jpg 100w\" data-sizes=\"(max-width: 300px) 100vw, 300px\" src=\"data:image\/svg+xml;base64,PHN2ZyB3aWR0aD0iMSIgaGVpZ2h0PSIxIiB4bWxucz0iaHR0cDovL3d3dy53My5vcmcvMjAwMC9zdmciPjwvc3ZnPg==\" style=\"--smush-placeholder-width: 300px; --smush-placeholder-aspect-ratio: 300\/300;\" \/><h2 class=\"woocommerce-loop-product__title\">Placa Homenaje Marco Liso<\/h2>\n\t<span class=\"price\"><span class=\"woocommerce-Price-amount amount\" aria-hidden=\"true\"><bdi>44,00<span class=\"woocommerce-Price-currencySymbol\">&euro;<\/span><\/bdi><\/span> <span aria-hidden=\"true\">-<\/span> <span class=\"woocommerce-Price-amount amount\" aria-hidden=\"true\"><bdi>50,00<span class=\"woocommerce-Price-currencySymbol\">&euro;<\/span><\/bdi><\/span><span class=\"screen-reader-text\">Rango de precios: desde 44,00&euro; hasta 50,00&euro;<\/span><\/span>\n<\/a><a href=\"https:\/\/nuevoarte.es\/na\/tienda\/placa-homenaje-marco-liso\/\" aria-describedby=\"woocommerce_loop_add_to_cart_link_describedby_2581\" data-quantity=\"1\" class=\"button product_type_variable add_to_cart_button\" data-product_id=\"2581\" data-product_sku=\"\" aria-label=\"Elige las opciones para &ldquo;Placa Homenaje Marco Liso&rdquo;\" rel=\"nofollow\">Seleccionar las opciones<\/a>\t<span id=\"woocommerce_loop_add_to_cart_link_describedby_2581\" class=\"screen-reader-text\">\n\t\tEste producto tiene m\u00faltiples variantes. Las opciones se pueden elegir en la p\u00e1gina de producto\t<\/span>\n<\/li>\n<li class=\"post post-with-thumbnail post-with-thumbnail-large product type-product post-2486 status-publish instock product_cat-placas-homenaje product_tag-archivo product_tag-homenaje has-post-thumbnail featured taxable shipping-taxable purchasable product-type-variable\">\n\t<a href=\"https:\/\/nuevoarte.es\/na\/tienda\/placa-homenaje-pergamino\/\" class=\"woocommerce-LoopProduct-link woocommerce-loop-product__link\"><img decoding=\"async\" width=\"300\" height=\"300\" data-src=\"https:\/\/nuevoarte.es\/na\/wp-content\/uploads\/2020\/03\/2724-300x300.jpg\" class=\"attachment-woocommerce_thumbnail size-woocommerce_thumbnail lazyload\" alt=\"Placa Homenaje Pergamino\" data-srcset=\"https:\/\/nuevoarte.es\/na\/wp-content\/uploads\/2020\/03\/2724-300x300.jpg 300w, https:\/\/nuevoarte.es\/na\/wp-content\/uploads\/2020\/03\/2724-150x150.jpg 150w, https:\/\/nuevoarte.es\/na\/wp-content\/uploads\/2020\/03\/2724-100x100.jpg 100w\" data-sizes=\"(max-width: 300px) 100vw, 300px\" src=\"data:image\/svg+xml;base64,PHN2ZyB3aWR0aD0iMSIgaGVpZ2h0PSIxIiB4bWxucz0iaHR0cDovL3d3dy53My5vcmcvMjAwMC9zdmciPjwvc3ZnPg==\" style=\"--smush-placeholder-width: 300px; --smush-placeholder-aspect-ratio: 300\/300;\" \/><h2 class=\"woocommerce-loop-product__title\">Placa Homenaje Pergamino<\/h2>\n\t<span class=\"price\"><span class=\"woocommerce-Price-amount amount\" aria-hidden=\"true\"><bdi>44,00<span class=\"woocommerce-Price-currencySymbol\">&euro;<\/span><\/bdi><\/span> <span aria-hidden=\"true\">-<\/span> <span class=\"woocommerce-Price-amount amount\" aria-hidden=\"true\"><bdi>50,00<span class=\"woocommerce-Price-currencySymbol\">&euro;<\/span><\/bdi><\/span><span class=\"screen-reader-text\">Rango de precios: desde 44,00&euro; hasta 50,00&euro;<\/span><\/span>\n<\/a><a href=\"https:\/\/nuevoarte.es\/na\/tienda\/placa-homenaje-pergamino\/\" aria-describedby=\"woocommerce_loop_add_to_cart_link_describedby_2486\" data-quantity=\"1\" class=\"button product_type_variable add_to_cart_button\" data-product_id=\"2486\" data-product_sku=\"\" aria-label=\"Elige las opciones para &ldquo;Placa Homenaje Pergamino&rdquo;\" rel=\"nofollow\">Seleccionar las opciones<\/a>\t<span id=\"woocommerce_loop_add_to_cart_link_describedby_2486\" class=\"screen-reader-text\">\n\t\tEste producto tiene m\u00faltiples variantes. Las opciones se pueden elegir en la p\u00e1gina de producto\t<\/span>\n<\/li>\n<li class=\"post post-with-thumbnail post-with-thumbnail-large product type-product post-2456 status-publish instock product_cat-futbol product_tag-archivo product_tag-futbol has-post-thumbnail featured taxable shipping-taxable purchasable product-type-variable\">\n\t<a href=\"https:\/\/nuevoarte.es\/na\/tienda\/trofeo-bota-de-oro-plata-bronce-z2423\/\" class=\"woocommerce-LoopProduct-link woocommerce-loop-product__link\"><img decoding=\"async\" width=\"300\" height=\"300\" data-src=\"https:\/\/nuevoarte.es\/na\/wp-content\/uploads\/2020\/03\/20-2423-300x300.jpg\" class=\"attachment-woocommerce_thumbnail size-woocommerce_thumbnail lazyload\" alt=\"Trofeo Bota de Oro-Plata-Bronce Z2423\" data-srcset=\"https:\/\/nuevoarte.es\/na\/wp-content\/uploads\/2020\/03\/20-2423-300x300.jpg 300w, https:\/\/nuevoarte.es\/na\/wp-content\/uploads\/2020\/03\/20-2423-150x150.jpg 150w, https:\/\/nuevoarte.es\/na\/wp-content\/uploads\/2020\/03\/20-2423-100x100.jpg 100w\" data-sizes=\"(max-width: 300px) 100vw, 300px\" src=\"data:image\/svg+xml;base64,PHN2ZyB3aWR0aD0iMSIgaGVpZ2h0PSIxIiB4bWxucz0iaHR0cDovL3d3dy53My5vcmcvMjAwMC9zdmciPjwvc3ZnPg==\" style=\"--smush-placeholder-width: 300px; --smush-placeholder-aspect-ratio: 300\/300;\" \/><h2 class=\"woocommerce-loop-product__title\">Trofeo Bota de Oro-Plata-Bronce Z2423<\/h2>\n\t<span class=\"price\"><span class=\"woocommerce-Price-amount amount\"><bdi>38,50<span class=\"woocommerce-Price-currencySymbol\">&euro;<\/span><\/bdi><\/span><\/span>\n<\/a><a href=\"https:\/\/nuevoarte.es\/na\/tienda\/trofeo-bota-de-oro-plata-bronce-z2423\/\" aria-describedby=\"woocommerce_loop_add_to_cart_link_describedby_2456\" data-quantity=\"1\" class=\"button product_type_variable add_to_cart_button\" data-product_id=\"2456\" data-product_sku=\"\" aria-label=\"Elige las opciones para &ldquo;Trofeo Bota de Oro-Plata-Bronce Z2423&rdquo;\" rel=\"nofollow\">Seleccionar las opciones<\/a>\t<span id=\"woocommerce_loop_add_to_cart_link_describedby_2456\" class=\"screen-reader-text\">\n\t\tEste producto tiene m\u00faltiples variantes. Las opciones se pueden elegir en la p\u00e1gina de producto\t<\/span>\n<\/li>\n<\/ul>\n<\/div><\/div><\/div><\/div><\/div><div id=\"pg-371-1\"  class=\"panel-grid panel-no-style\" ><div id=\"pgc-371-1-0\"  class=\"panel-grid-cell\" ><div id=\"panel-371-1-0-0\" class=\"so-panel widget widget_circleicon-widget panel-first-child panel-last-child\" data-index=\"1\" >\t\t<div class=\"circle-icon-box circle-icon-position-top circle-icon-hide-box circle-icon-size-small \">\n\t\t\t\t\t\t\t<div class=\"circle-icon-wrapper\">\n\t\t\t\t\t\t\t\t\t\t<a href=\"\/na\/descarga-catalogos\/\" class=\"link-icon\" >\t\t\t\t\t<div class=\"circle-icon\" >\n\t\t\t\t\t\t\t\t\t\t\t\t\t<div\n\t\t\t\t\t\t\t\tclass=\"fa fa-trophy\"\n\t\t\t\t\t\t\t\t\t\t\t\t\t\t\t><\/div>\n\t\t\t\t\t\t\t\t\t\t\t<\/div>\n\t\t\t\t\t<\/a>\t\t\t\t<\/div>\n\t\t\t\n\t\t\t\t\t\t\t<a\n\t\t\t\t\thref=\"\/na\/descarga-catalogos\/\"\n\t\t\t\t\tclass=\"link-title\" \t\t\t\t>\n\t\t\t\t\t\t\t\t\t\t<h4 >\n\t\t\t\t\tCat\u00e1logos\t\t\t\t<\/h4>\n\t\t\t\t\t\t\t\t\t\t<\/a>\n\t\t\t\n\t\t\t\t\t\t\t<p class=\"text\" >\n\t\t\t\tOfrecemos un gran abanico de trofeos y regalos...\t\t\t<\/p>\n\t\t\t\t\t\t\t\t\t\t<a\n\t\t\t\t\thref=\"\/na\/descarga-catalogos\/\"\n\t\t\t\t\tclass=\"more-button\"\n\t\t\t\t\t\t\t\t\t>\n\t\t\t\t\tDescargas\t\t\t\t\t<i><\/i>\n\t\t\t\t<\/a>\n\t\t\t\t\t<\/div>\n\t\t<\/div><\/div><div id=\"pgc-371-1-1\"  class=\"panel-grid-cell\" ><div id=\"panel-371-1-1-0\" class=\"so-panel widget widget_circleicon-widget panel-first-child panel-last-child\" data-index=\"2\" >\t\t<div class=\"circle-icon-box circle-icon-position-top circle-icon-hide-box circle-icon-size-small \">\n\t\t\t\t\t\t\t<div class=\"circle-icon-wrapper\">\n\t\t\t\t\t\t\t\t\t\t<a href=\"\/na\/laser\" class=\"link-icon\" >\t\t\t\t\t<div class=\"circle-icon\" >\n\t\t\t\t\t\t\t\t\t\t\t\t\t<div\n\t\t\t\t\t\t\t\tclass=\"fa fa-pencil-square-o\"\n\t\t\t\t\t\t\t\t\t\t\t\t\t\t\t><\/div>\n\t\t\t\t\t\t\t\t\t\t\t<\/div>\n\t\t\t\t\t<\/a>\t\t\t\t<\/div>\n\t\t\t\n\t\t\t\t\t\t\t<a\n\t\t\t\t\thref=\"\/na\/laser\"\n\t\t\t\t\tclass=\"link-title\" \t\t\t\t>\n\t\t\t\t\t\t\t\t\t\t<h4 >\n\t\t\t\t\tMarcaje y Grabado\t\t\t\t<\/h4>\n\t\t\t\t\t\t\t\t\t\t<\/a>\n\t\t\t\n\t\t\t\t\t\t\t<p class=\"text\" >\n\t\t\t\tTaller propio de grabado l\u00e1ser y pant\u00f3grafo electr\u00f3nico...\t\t\t<\/p>\n\t\t\t\t\t\t\t\t\t\t<a\n\t\t\t\t\thref=\"\/na\/laser\"\n\t\t\t\t\tclass=\"more-button\"\n\t\t\t\t\t\t\t\t\t>\n\t\t\t\t\tVer l\u00e1ser...\t\t\t\t\t<i><\/i>\n\t\t\t\t<\/a>\n\t\t\t\t\t<\/div>\n\t\t<\/div><\/div><div id=\"pgc-371-1-2\"  class=\"panel-grid-cell\" ><div id=\"panel-371-1-2-0\" class=\"so-panel widget widget_circleicon-widget panel-first-child panel-last-child\" data-index=\"3\" >\t\t<div class=\"circle-icon-box circle-icon-position-top circle-icon-hide-box circle-icon-size-small \">\n\t\t\t\t\t\t\t<div class=\"circle-icon-wrapper\">\n\t\t\t\t\t\t\t\t\t\t<a href=\"\/na\/especiales\" class=\"link-icon\" >\t\t\t\t\t<div class=\"circle-icon\" >\n\t\t\t\t\t\t\t\t\t\t\t\t\t<div\n\t\t\t\t\t\t\t\tclass=\"fa fa-rocket\"\n\t\t\t\t\t\t\t\t\t\t\t\t\t\t\t><\/div>\n\t\t\t\t\t\t\t\t\t\t\t<\/div>\n\t\t\t\t\t<\/a>\t\t\t\t<\/div>\n\t\t\t\n\t\t\t\t\t\t\t<a\n\t\t\t\t\thref=\"\/na\/especiales\"\n\t\t\t\t\tclass=\"link-title\" \t\t\t\t>\n\t\t\t\t\t\t\t\t\t\t<h4 >\n\t\t\t\t\tSin Limites \t\t\t\t<\/h4>\n\t\t\t\t\t\t\t\t\t\t<\/a>\n\t\t\t\n\t\t\t\t\t\t\t<p class=\"text\" >\n\t\t\t\tFabricaci\u00f3n personalizada de trofeos en resina, metacrilato, metal, piedra...\t\t\t<\/p>\n\t\t\t\t\t\t\t\t\t\t<a\n\t\t\t\t\thref=\"\/na\/especiales\"\n\t\t\t\t\tclass=\"more-button\"\n\t\t\t\t\t\t\t\t\t>\n\t\t\t\t\tVer especiales\t\t\t\t\t<i><\/i>\n\t\t\t\t<\/a>\n\t\t\t\t\t<\/div>\n\t\t<\/div><\/div><\/div><\/div>","protected":false},"excerpt":{"rendered":"<p>Productos Destacados Placa Homenaje COLOR \u00abLabrada\u00bb 65,00&euro; Seleccionar las opciones Placa Homenaje COLOR \u00abBisel\u00bb 65,00&euro; Seleccionar las opciones Placa Homenaje Marco Liso 44,00&euro; &#8211; 50,00&euro;Rango de precios: desde 44,00&euro; hasta 50,00&euro; Seleccionar las opciones Este producto tiene m\u00faltiples variantes. Las opciones se pueden elegir en la p\u00e1gina de producto Placa Homenaje Pergamino 44,00&euro; &#8211; 50,00&euro;Rango [&hellip;]<\/p>\n","protected":false},"author":2,"featured_media":0,"parent":0,"menu_order":0,"comment_status":"closed","ping_status":"closed","template":"home-panels.php","meta":{"footnotes":""},"class_list":["post-371","page","type-page","status-publish","hentry","post"],"_links":{"self":[{"href":"https:\/\/nuevoarte.es\/na\/wp-json\/wp\/v2\/pages\/371","targetHints":{"allow":["GET"]}}],"collection":[{"href":"https:\/\/nuevoarte.es\/na\/wp-json\/wp\/v2\/pages"}],"about":[{"href":"https:\/\/nuevoarte.es\/na\/wp-json\/wp\/v2\/types\/page"}],"author":[{"embeddable":true,"href":"https:\/\/nuevoarte.es\/na\/wp-json\/wp\/v2\/users\/2"}],"replies":[{"embeddable":true,"href":"https:\/\/nuevoarte.es\/na\/wp-json\/wp\/v2\/comments?post=371"}],"version-history":[{"count":163,"href":"https:\/\/nuevoarte.es\/na\/wp-json\/wp\/v2\/pages\/371\/revisions"}],"predecessor-version":[{"id":4767,"href":"https:\/\/nuevoarte.es\/na\/wp-json\/wp\/v2\/pages\/371\/revisions\/4767"}],"wp:attachment":[{"href":"https:\/\/nuevoarte.es\/na\/wp-json\/wp\/v2\/media?parent=371"}],"curies":[{"name":"wp","href":"https:\/\/api.w.org\/{rel}","templated":true}]}}