{"id":2697,"date":"2020-04-03T19:06:04","date_gmt":"2020-04-03T17:06:04","guid":{"rendered":"https:\/\/nuevoarte.es\/na\/?page_id=2697"},"modified":"2024-11-22T11:24:42","modified_gmt":"2024-11-22T10:24:42","slug":"pagos-y-envios","status":"publish","type":"page","link":"https:\/\/nuevoarte.es\/na\/pagos-y-envios\/","title":{"rendered":"Pagos y Env\u00edos"},"content":{"rendered":"\n<p><strong>FORMAS DE PAGO<\/strong><\/p>\n\n\n\n<p><strong>&#8211;<em>Pago con tarjeta;<\/em><\/strong> Utilizamos la conocida pasarela de pago de Stripe, que ofrece total y absoluta seguridad y confianza en tus pagos. Gracias a Stripe los datos de tu tarjeta no ser\u00e1n visibles, por lo que tu <strong>compra es 100% segura y confidencial<\/strong>. Tambi\u00e9n para que esto sea as\u00ed, nuestra web cumple con los protocolos de seguridad SSL (Secure Socket Layer), esta tecnolog\u00eda permite tener segura una conexi\u00f3n a internet, as\u00ed como proteger cualquier informaci\u00f3n confidencial que se env\u00eda entre dos sistemas.<\/p>\n\n\n\n<p><em><strong>-Pago con Bizum;<\/strong><\/em> Con este sencillo m\u00e9todo, deber\u00e1s<strong> indicar el n\u00famero de pedido<\/strong> al realizar el pago. Al finalizar la compra podr\u00e1s ver el tel\u00e9fono con el que \u00abhacer Bizum\u00bb. Tan pronto lo recibamos procesaremos tu pedido.<\/p>\n\n\n\n<p><strong>&#8211;<em>Transferencia bancaria;<\/em><\/strong> Es importante <strong>indicar el n\u00famero de pedido<\/strong> en el concepto de dicha transferencia, esto agilizar\u00e1 la gesti\u00f3n del pedido. Dado que las transferencias no aparecen de manera inmediata en nuestra cuenta, puedes enviar el justificante a nuestro correo info@nuevoarte.es, con esto ahorramos mucho tiempo, ya que sino el pedido no se pondr\u00e1 en marcha hasta ver el ingreso en nuestra cuenta.<\/p>\n\n\n\n<p><strong>PLAZOS DE ENTREGA<\/strong><\/p>\n\n\n\n<p>Disponemos de un amplio stock que se podr\u00e1 servir en 24\/48h. A\u00fan as\u00ed, debido a que el abanico de productos que ofrecemos es muy amplio y en muchos casos requieren de una elaboraci\u00f3n personalizada, los plazos de entrega podr\u00edan ser de 3 a 8 d\u00edas h\u00e1biles aproximadamente, por lo que si necesita su compra para una fecha concreta, recomendamos se ponga en contacto con nosotros antes de realizarla. Al igual que habr\u00e1 otros productos de procesos m\u00e1s complejos para los que el plazo ser\u00e1 concertado con el cliente dada su naturaleza.<\/p>\n\n\n\n<p>IMPORTANTE: Estos plazos est\u00e1n calculados para env\u00edos a Espa\u00f1a peninsular, para otros destinos los plazos pueden verse ampliados.<\/p>\n\n\n\n<p><strong>COSTES DE ENV\u00cdO<\/strong><\/p>\n\n\n\n<p><em><strong>Espa\u00f1a peninsular;<\/strong><\/em> ofrecemos ENV\u00cdO GRATIS para compras superiores a 50\u20ac. Las compras que no superen ese importe se cobrar\u00e1n 4,90\u20ac en concepto de gastos de env\u00edo.<\/p>\n\n\n\n<p><em><strong>Islas Baleares;<\/strong><\/em> el coste del env\u00edo es de 25\u20ac para todas las compras.<\/p>\n\n\n\n<p><em><strong>Islas Canarias, Ceuta y Melilla;<\/strong><\/em> Se enviar\u00e1 SIEMPRE A PORTES DEBIDOS por el medio de transporte que el cliente elija. Por lo que el cliente se har\u00e1 cargo de todos los gastos que ocasione dicho env\u00edo. Despu\u00e9s de realizar el pedido se pondr\u00e1 en contacto para concertar la manera de hacer el env\u00edo.<\/p>\n\n\n\n<p>NOTA: Nuevo Arte se reserva el derecho de hacer variaciones en los productos representados en la web, por falta de stock de alg\u00fan componente o causa similar, siempre respetando e incluso mejorando la calidad y\/o caracter\u00edsticas del producto. Ante una variaci\u00f3n importante se le comunicar\u00e1 al cliente antes de proceder al env\u00edo.<\/p>\n","protected":false},"excerpt":{"rendered":"<p>FORMAS DE PAGO &#8211;Pago con tarjeta; Utilizamos la conocida pasarela de pago de Stripe, que ofrece total y absoluta seguridad y confianza en tus pagos. Gracias a Stripe los datos de tu tarjeta no ser\u00e1n visibles, por lo que tu compra es 100% segura y confidencial. Tambi\u00e9n para que esto sea as\u00ed, nuestra web cumple [&hellip;]<\/p>\n","protected":false},"author":2,"featured_media":0,"parent":0,"menu_order":0,"comment_status":"closed","ping_status":"closed","template":"","meta":{"footnotes":""},"class_list":["post-2697","page","type-page","status-publish","hentry","post"],"_links":{"self":[{"href":"https:\/\/nuevoarte.es\/na\/wp-json\/wp\/v2\/pages\/2697","targetHints":{"allow":["GET"]}}],"collection":[{"href":"https:\/\/nuevoarte.es\/na\/wp-json\/wp\/v2\/pages"}],"about":[{"href":"https:\/\/nuevoarte.es\/na\/wp-json\/wp\/v2\/types\/page"}],"author":[{"embeddable":true,"href":"https:\/\/nuevoarte.es\/na\/wp-json\/wp\/v2\/users\/2"}],"replies":[{"embeddable":true,"href":"https:\/\/nuevoarte.es\/na\/wp-json\/wp\/v2\/comments?post=2697"}],"version-history":[{"count":26,"href":"https:\/\/nuevoarte.es\/na\/wp-json\/wp\/v2\/pages\/2697\/revisions"}],"predecessor-version":[{"id":5957,"href":"https:\/\/nuevoarte.es\/na\/wp-json\/wp\/v2\/pages\/2697\/revisions\/5957"}],"wp:attachment":[{"href":"https:\/\/nuevoarte.es\/na\/wp-json\/wp\/v2\/media?parent=2697"}],"curies":[{"name":"wp","href":"https:\/\/api.w.org\/{rel}","templated":true}]}}