{"id":2690,"date":"2020-04-03T19:00:46","date_gmt":"2020-04-03T17:00:46","guid":{"rendered":"https:\/\/nuevoarte.es\/na\/?page_id=2690"},"modified":"2020-05-01T22:10:43","modified_gmt":"2020-05-01T20:10:43","slug":"somos-nuevoarte","status":"publish","type":"page","link":"https:\/\/nuevoarte.es\/na\/somos-nuevoarte\/","title":{"rendered":"Somos Nuevo Arte"},"content":{"rendered":"\n<p>El entusiasmo que ponemos en nuestro trabajo nos hace superarnos d\u00eda a d\u00eda y ofrecer un mundo de posibilidades con las que cubrir el amplio abanico de necesidades de nuestros clientes, aportando creatividad, dise\u00f1o, servicio, calidad y precio. Aqu\u00ed puede ver una amplia selecci\u00f3n de nuestros productos, disponemos de mucho m\u00e1s. P\u00f3ngase en contacto con nosotros, estaremos encantados de ayudarle. M\u00e1s de 30 a\u00f1os de trabajo en el sector nos avalan.<\/p>\n","protected":false},"excerpt":{"rendered":"<p>El entusiasmo que ponemos en nuestro trabajo nos hace superarnos d\u00eda a d\u00eda y ofrecer un mundo de posibilidades con las que cubrir el amplio abanico de necesidades de nuestros clientes, aportando creatividad, dise\u00f1o, servicio, calidad y precio. Aqu\u00ed puede ver una amplia selecci\u00f3n de nuestros productos, disponemos de mucho m\u00e1s. P\u00f3ngase en contacto con [&hellip;]<\/p>\n","protected":false},"author":2,"featured_media":0,"parent":0,"menu_order":0,"comment_status":"closed","ping_status":"closed","template":"","meta":{"footnotes":""},"class_list":["post-2690","page","type-page","status-publish","hentry","post"],"_links":{"self":[{"href":"https:\/\/nuevoarte.es\/na\/wp-json\/wp\/v2\/pages\/2690","targetHints":{"allow":["GET"]}}],"collection":[{"href":"https:\/\/nuevoarte.es\/na\/wp-json\/wp\/v2\/pages"}],"about":[{"href":"https:\/\/nuevoarte.es\/na\/wp-json\/wp\/v2\/types\/page"}],"author":[{"embeddable":true,"href":"https:\/\/nuevoarte.es\/na\/wp-json\/wp\/v2\/users\/2"}],"replies":[{"embeddable":true,"href":"https:\/\/nuevoarte.es\/na\/wp-json\/wp\/v2\/comments?post=2690"}],"version-history":[{"count":5,"href":"https:\/\/nuevoarte.es\/na\/wp-json\/wp\/v2\/pages\/2690\/revisions"}],"predecessor-version":[{"id":3848,"href":"https:\/\/nuevoarte.es\/na\/wp-json\/wp\/v2\/pages\/2690\/revisions\/3848"}],"wp:attachment":[{"href":"https:\/\/nuevoarte.es\/na\/wp-json\/wp\/v2\/media?parent=2690"}],"curies":[{"name":"wp","href":"https:\/\/api.w.org\/{rel}","templated":true}]}}