{"id":2117,"date":"2019-12-13T16:32:56","date_gmt":"2019-12-13T15:32:56","guid":{"rendered":"http:\/\/nuevoarte.es\/na\/?page_id=2117"},"modified":"2021-12-10T19:12:30","modified_gmt":"2021-12-10T18:12:30","slug":"laser","status":"publish","type":"page","link":"https:\/\/nuevoarte.es\/na\/laser\/","title":{"rendered":"L\u00e1ser"},"content":{"rendered":"<div id=\"pl-2117\"  class=\"panel-layout\" ><div id=\"pg-2117-0\"  class=\"panel-grid panel-no-style\" ><div id=\"pgc-2117-0-0\"  class=\"panel-grid-cell\" ><div id=\"panel-2117-0-0-0\" class=\"so-panel widget widget_sow-editor panel-first-child panel-last-child\" data-index=\"0\" ><div\n\t\t\t\n\t\t\tclass=\"so-widget-sow-editor so-widget-sow-editor-base\"\n\t\t\t\n\t\t>\n<div class=\"siteorigin-widget-tinymce textwidget\">\n\t<h3>Personalizaci\u00f3n de art\u00edculos mediante grabado l\u00e1ser<\/h3>\n<p>Disponemos de taller propio de grabado l\u00e1ser. Con este m\u00e9todo conseguimos un marcaje inalterable y de calidad sobre una amplia variedad de materiales como aluminio, acero, madera, cristal, cuero...<\/p>\n<p>Ofrecemos un servicio r\u00e1pido y eficaz.<\/p>\n<p>Destinado al marcaje publicitario y personalizaci\u00f3n de multitud de objetos, herramientas, regalos,... y tambi\u00e9n el grabado de fotograf\u00edas en oro.<\/p>\n<p><span style=\"color: #8b0000;\"><b>Trabajamos para empresas intermediarias con tarifas especiales... contacte con nosotros para conocer las condiciones.<\/b><\/span><\/p>\n<\/div>\n<\/div><\/div><\/div><\/div><\/div>","protected":false},"excerpt":{"rendered":"<p>Personalizaci\u00f3n de art\u00edculos mediante grabado l\u00e1ser Disponemos de taller propio de grabado l\u00e1ser. Con este m\u00e9todo conseguimos un marcaje inalterable y de calidad sobre una amplia variedad de materiales como aluminio, acero, madera, cristal, cuero&#8230; Ofrecemos un servicio r\u00e1pido y eficaz. Destinado al marcaje publicitario y personalizaci\u00f3n de multitud de objetos, herramientas, regalos,&#8230; y tambi\u00e9n [&hellip;]<\/p>\n","protected":false},"author":2,"featured_media":0,"parent":0,"menu_order":0,"comment_status":"closed","ping_status":"closed","template":"","meta":{"footnotes":""},"class_list":["post-2117","page","type-page","status-publish","hentry","post"],"_links":{"self":[{"href":"https:\/\/nuevoarte.es\/na\/wp-json\/wp\/v2\/pages\/2117","targetHints":{"allow":["GET"]}}],"collection":[{"href":"https:\/\/nuevoarte.es\/na\/wp-json\/wp\/v2\/pages"}],"about":[{"href":"https:\/\/nuevoarte.es\/na\/wp-json\/wp\/v2\/types\/page"}],"author":[{"embeddable":true,"href":"https:\/\/nuevoarte.es\/na\/wp-json\/wp\/v2\/users\/2"}],"replies":[{"embeddable":true,"href":"https:\/\/nuevoarte.es\/na\/wp-json\/wp\/v2\/comments?post=2117"}],"version-history":[{"count":29,"href":"https:\/\/nuevoarte.es\/na\/wp-json\/wp\/v2\/pages\/2117\/revisions"}],"predecessor-version":[{"id":5519,"href":"https:\/\/nuevoarte.es\/na\/wp-json\/wp\/v2\/pages\/2117\/revisions\/5519"}],"wp:attachment":[{"href":"https:\/\/nuevoarte.es\/na\/wp-json\/wp\/v2\/media?parent=2117"}],"curies":[{"name":"wp","href":"https:\/\/api.w.org\/{rel}","templated":true}]}}